{"id":75,"date":"2023-01-16T14:34:37","date_gmt":"2023-01-16T19:34:37","guid":{"rendered":"https:\/\/perfecteaucomm.la-complice.com\/?page_id=75"},"modified":"2025-01-28T18:57:17","modified_gmt":"2025-01-28T23:57:17","slug":"blogue","status":"publish","type":"page","link":"https:\/\/www.perfecteaucomm.com\/en\/blogue\/","title":{"rendered":"Blog"},"content":{"rendered":"\n<p>This section covers various aspects of the press relations profession. You will find articles written in french by our team members.<\/p>\n\n\n<ul class=\"display-posts-listing\"><li class=\"listing-item\"><a class=\"image\" href=\"https:\/\/www.perfecteaucomm.com\/en\/blogue\/relationniste-et-journaliste-oui-cest-possible\/\"><img loading=\"lazy\" decoding=\"async\" width=\"150\" height=\"150\" src=\"https:\/\/www.perfecteaucomm.com\/wp-content\/uploads\/2023\/01\/Scrum-150x150.jpg\" class=\"attachment-thumbnail size-thumbnail wp-post-image\" alt=\"\" \/><\/a> <a class=\"title\" href=\"https:\/\/www.perfecteaucomm.com\/en\/blogue\/relationniste-et-journaliste-oui-cest-possible\/\">Relationniste et journaliste, oui, c\u2019est possible.<\/a> <span class=\"excerpt-dash\">-<\/span> <span class=\"excerpt\">Relationniste et journaliste, oui, c\u2019est possible. Par Marie-H\u00e9l\u00e8ne Amyot (La-Complice) Si je vous disais qu\u2019il est possible de pratiquer conjointement le m\u00e9tier de journaliste et de relationniste, me croiriez-vous? Est-ce que ce sont des professions en opposition ou plut\u00f4t compl\u00e9mentaires, selon vous? Comment arriver \u00e0 porter deux chapeaux sur une&hellip; <span class=\"excerpt-more\"><\/span><\/span><\/li><li class=\"listing-item\"><a class=\"image\" href=\"https:\/\/www.perfecteaucomm.com\/en\/blogue\/faire-sa-carriere-en-relations-de-presse\/\"><img loading=\"lazy\" decoding=\"async\" width=\"150\" height=\"150\" src=\"https:\/\/www.perfecteaucomm.com\/wp-content\/uploads\/2023\/01\/business-woman-celebrating-celebration-city-umbrella-public-relations-1431483-pxhere.com_-150x150.jpg\" class=\"attachment-thumbnail size-thumbnail wp-post-image\" alt=\"\" \/><\/a> <a class=\"title\" href=\"https:\/\/www.perfecteaucomm.com\/en\/blogue\/faire-sa-carriere-en-relations-de-presse\/\">Faire sa carri\u00e8re en relations de presse<\/a> <span class=\"excerpt-dash\">-<\/span> <span class=\"excerpt\">Faire sa carri\u00e8re en relations de presse Par Zo\u00e9 Lecavalier Tel qu\u2019expliqu\u00e9 dans l\u2019article Les relations de presse, c\u2019est comme les relations publiques : de la publicit\u00e9!, les relations de presse sont un sous-domaine des relations publiques. Ayant pour but d\u2019augmenter la visibilit\u00e9 d\u2019une organisation, d\u2019un produit ou d\u2019un service,&hellip; <span class=\"excerpt-more\"><\/span><\/span><\/li><li class=\"listing-item\"><a class=\"image\" href=\"https:\/\/www.perfecteaucomm.com\/en\/blogue\/abc\/\"><img loading=\"lazy\" decoding=\"async\" width=\"150\" height=\"150\" src=\"https:\/\/www.perfecteaucomm.com\/wp-content\/uploads\/2023\/01\/business-woman-celebrating-celebration-city-umbrella-public-relations-1431483-pxhere.com_-150x150.jpg\" class=\"attachment-thumbnail size-thumbnail wp-post-image\" alt=\"\" \/><\/a> <a class=\"title\" href=\"https:\/\/www.perfecteaucomm.com\/en\/blogue\/abc\/\">\u00ab Les relations de presse, c\u2019est comme les relations publiques : de la publicit\u00e9! \u00bb<\/a> <span class=\"excerpt-dash\">-<\/span> <span class=\"excerpt\">\u00ab Les relations de presse, c\u2019est comme les relations publiques : de la publicit\u00e9! \u00bb Par Zo\u00e9 Lecavalier Les relations sont multiples et varient entre chacun, d\u2019un moment \u00e0 un autre. Malgr\u00e9 cette variabilit\u00e9, les liens et les rapports qui nous font interagir, coop\u00e9rer et communiquer sont tr\u00e8s importants \u00e0&hellip; <span class=\"excerpt-more\"><\/span><\/span><\/li><li class=\"listing-item\"><a class=\"image\" href=\"https:\/\/www.perfecteaucomm.com\/en\/blogue\/njn\/\"><img loading=\"lazy\" decoding=\"async\" width=\"150\" height=\"150\" src=\"https:\/\/www.perfecteaucomm.com\/wp-content\/uploads\/2023\/01\/business-woman-celebrating-celebration-city-umbrella-public-relations-1431483-pxhere.com_-3-150x150.jpg\" class=\"attachment-thumbnail size-thumbnail wp-post-image\" alt=\"\" \/><\/a> <a class=\"title\" href=\"https:\/\/www.perfecteaucomm.com\/en\/blogue\/njn\/\">Qu\u2019est-ce que les relations de presse?<\/a> <span class=\"excerpt-dash\">-<\/span> <span class=\"excerpt\">Qu\u2019est-ce que les relations de presse? Par V\u00e9ronique Fecteau Beaucoup de gens me demandent ce que je fais dans la vie : - \u00ab Ah toi, tu fais de la publicit\u00e9? \u00bb Hum, pas tout-\u00e0-fait. Clarifions le terme moins connu relations de presse; Dans notre m\u00e9tier de sp\u00e9cialiste de la&hellip; <span class=\"excerpt-more\"><\/span><\/span><\/li><\/ul>\n","protected":false},"excerpt":{"rendered":"<p>This section covers various aspects of the press relations profession. You will find articles written in french by our team members.<\/p>\n","protected":false},"author":1,"featured_media":0,"parent":0,"menu_order":0,"comment_status":"closed","ping_status":"closed","template":"","meta":{"footnotes":""},"class_list":["post-75","page","type-page","status-publish","hentry"],"yoast_head":"<!-- This site is optimized with the Yoast SEO plugin v25.5 - https:\/\/yoast.com\/wordpress\/plugins\/seo\/ -->\n<title>Blog<\/title>\n<meta name=\"robots\" content=\"index, follow, max-snippet:-1, max-image-preview:large, max-video-preview:-1\" \/>\n<link rel=\"canonical\" href=\"https:\/\/www.perfecteaucomm.com\/en\/blogue\/\" \/>\n<meta property=\"og:locale\" content=\"en_US\" \/>\n<meta property=\"og:locale:alternate\" content=\"fr_CA\" \/>\n<meta property=\"og:type\" content=\"article\" \/>\n<meta property=\"og:title\" content=\"Blog\" \/>\n<meta property=\"og:description\" content=\"This section covers various aspects of the press relations profession. You will find articles written in french by our team members.\" \/>\n<meta property=\"og:url\" content=\"https:\/\/www.perfecteaucomm.com\/en\/blogue\/njn\/\" \/>\n<meta property=\"og:site_name\" content=\"Perfecteau Comm\" \/>\n<meta property=\"article:modified_time\" content=\"2025-01-28T23:57:17+00:00\" \/>\n<meta name=\"twitter:card\" content=\"summary_large_image\" \/>\n<meta name=\"twitter:label1\" content=\"Est. reading time\" \/>\n\t<meta name=\"twitter:data1\" content=\"1 minute\" \/>\n<script type=\"application\/ld+json\" class=\"yoast-schema-graph\">{\"@context\":\"https:\/\/schema.org\",\"@graph\":[{\"@type\":\"WebPage\",\"@id\":\"https:\/\/www.perfecteaucomm.com\/blogue\/\",\"url\":\"https:\/\/www.perfecteaucomm.com\/blogue\/\",\"name\":\"Blog\",\"isPartOf\":{\"@id\":\"https:\/\/www.perfecteaucomm.com\/#website\"},\"datePublished\":\"2023-01-16T19:34:37+00:00\",\"dateModified\":\"2025-01-28T23:57:17+00:00\",\"breadcrumb\":{\"@id\":\"https:\/\/www.perfecteaucomm.com\/blogue\/#breadcrumb\"},\"inLanguage\":\"en-CA\",\"potentialAction\":[{\"@type\":\"ReadAction\",\"target\":[\"https:\/\/www.perfecteaucomm.com\/blogue\/\"]}]},{\"@type\":\"BreadcrumbList\",\"@id\":\"https:\/\/www.perfecteaucomm.com\/blogue\/#breadcrumb\",\"itemListElement\":[{\"@type\":\"ListItem\",\"position\":1,\"name\":\"Accueil\",\"item\":\"https:\/\/www.perfecteaucomm.com\/\"},{\"@type\":\"ListItem\",\"position\":2,\"name\":\"Blogue\"}]},{\"@type\":\"WebSite\",\"@id\":\"https:\/\/www.perfecteaucomm.com\/#website\",\"url\":\"https:\/\/www.perfecteaucomm.com\/\",\"name\":\"Perfecteau Comm\",\"description\":\"Agence de relations de presse\",\"publisher\":{\"@id\":\"https:\/\/www.perfecteaucomm.com\/#organization\"},\"potentialAction\":[{\"@type\":\"SearchAction\",\"target\":{\"@type\":\"EntryPoint\",\"urlTemplate\":\"https:\/\/www.perfecteaucomm.com\/?s={search_term_string}\"},\"query-input\":{\"@type\":\"PropertyValueSpecification\",\"valueRequired\":true,\"valueName\":\"search_term_string\"}}],\"inLanguage\":\"en-CA\"},{\"@type\":\"Organization\",\"@id\":\"https:\/\/www.perfecteaucomm.com\/#organization\",\"name\":\"Perfecteau Comm\",\"url\":\"https:\/\/www.perfecteaucomm.com\/\",\"logo\":{\"@type\":\"ImageObject\",\"inLanguage\":\"en-CA\",\"@id\":\"https:\/\/www.perfecteaucomm.com\/#\/schema\/logo\/image\/\",\"url\":\"https:\/\/www.perfecteaucomm.com\/wp-content\/uploads\/2023\/01\/logo_perfecteau_fichier_final-2.png\",\"contentUrl\":\"https:\/\/www.perfecteaucomm.com\/wp-content\/uploads\/2023\/01\/logo_perfecteau_fichier_final-2.png\",\"width\":1600,\"height\":704,\"caption\":\"Perfecteau Comm\"},\"image\":{\"@id\":\"https:\/\/www.perfecteaucomm.com\/#\/schema\/logo\/image\/\"}}]}<\/script>\n<!-- \/ Yoast SEO plugin. -->","yoast_head_json":{"title":"Blog","robots":{"index":"index","follow":"follow","max-snippet":"max-snippet:-1","max-image-preview":"max-image-preview:large","max-video-preview":"max-video-preview:-1"},"canonical":"https:\/\/www.perfecteaucomm.com\/en\/blogue\/","og_locale":"en_US","og_type":"article","og_title":"[:fr]Blogue[:en]Blog[:] - Perfecteau Comm","og_description":"This section covers various aspects of the press relations profession. You will find articles written in french by our team members.","og_url":"https:\/\/www.perfecteaucomm.com\/en\/blogue\/njn\/","og_site_name":"Perfecteau Comm","article_modified_time":"2025-01-28T23:57:17+00:00","twitter_card":"summary_large_image","twitter_misc":{"Est. reading time":"1 minute"},"schema":{"@context":"https:\/\/schema.org","@graph":[{"@type":"WebPage","@id":"https:\/\/www.perfecteaucomm.com\/blogue\/","url":"https:\/\/www.perfecteaucomm.com\/blogue\/","name":"Blog","isPartOf":{"@id":"https:\/\/www.perfecteaucomm.com\/#website"},"datePublished":"2023-01-16T19:34:37+00:00","dateModified":"2025-01-28T23:57:17+00:00","breadcrumb":{"@id":"https:\/\/www.perfecteaucomm.com\/blogue\/#breadcrumb"},"inLanguage":"en-CA","potentialAction":[{"@type":"ReadAction","target":["https:\/\/www.perfecteaucomm.com\/blogue\/"]}]},{"@type":"BreadcrumbList","@id":"https:\/\/www.perfecteaucomm.com\/blogue\/#breadcrumb","itemListElement":[{"@type":"ListItem","position":1,"name":"Accueil","item":"https:\/\/www.perfecteaucomm.com\/"},{"@type":"ListItem","position":2,"name":"Blogue"}]},{"@type":"WebSite","@id":"https:\/\/www.perfecteaucomm.com\/#website","url":"https:\/\/www.perfecteaucomm.com\/","name":"Perfecteau Comm","description":"Agence de relations de presse","publisher":{"@id":"https:\/\/www.perfecteaucomm.com\/#organization"},"potentialAction":[{"@type":"SearchAction","target":{"@type":"EntryPoint","urlTemplate":"https:\/\/www.perfecteaucomm.com\/?s={search_term_string}"},"query-input":{"@type":"PropertyValueSpecification","valueRequired":true,"valueName":"search_term_string"}}],"inLanguage":"en-CA"},{"@type":"Organization","@id":"https:\/\/www.perfecteaucomm.com\/#organization","name":"Perfecteau Comm","url":"https:\/\/www.perfecteaucomm.com\/","logo":{"@type":"ImageObject","inLanguage":"en-CA","@id":"https:\/\/www.perfecteaucomm.com\/#\/schema\/logo\/image\/","url":"https:\/\/www.perfecteaucomm.com\/wp-content\/uploads\/2023\/01\/logo_perfecteau_fichier_final-2.png","contentUrl":"https:\/\/www.perfecteaucomm.com\/wp-content\/uploads\/2023\/01\/logo_perfecteau_fichier_final-2.png","width":1600,"height":704,"caption":"Perfecteau Comm"},"image":{"@id":"https:\/\/www.perfecteaucomm.com\/#\/schema\/logo\/image\/"}}]}},"_links":{"self":[{"href":"https:\/\/www.perfecteaucomm.com\/en\/wp-json\/wp\/v2\/pages\/75","targetHints":{"allow":["GET"]}}],"collection":[{"href":"https:\/\/www.perfecteaucomm.com\/en\/wp-json\/wp\/v2\/pages"}],"about":[{"href":"https:\/\/www.perfecteaucomm.com\/en\/wp-json\/wp\/v2\/types\/page"}],"author":[{"embeddable":true,"href":"https:\/\/www.perfecteaucomm.com\/en\/wp-json\/wp\/v2\/users\/1"}],"replies":[{"embeddable":true,"href":"https:\/\/www.perfecteaucomm.com\/en\/wp-json\/wp\/v2\/comments?post=75"}],"version-history":[{"count":18,"href":"https:\/\/www.perfecteaucomm.com\/en\/wp-json\/wp\/v2\/pages\/75\/revisions"}],"predecessor-version":[{"id":1399,"href":"https:\/\/www.perfecteaucomm.com\/en\/wp-json\/wp\/v2\/pages\/75\/revisions\/1399"}],"wp:attachment":[{"href":"https:\/\/www.perfecteaucomm.com\/en\/wp-json\/wp\/v2\/media?parent=75"}],"curies":[{"name":"wp","href":"https:\/\/api.w.org\/{rel}","templated":true}]}}